{"id":13,"date":"2025-03-31T19:01:01","date_gmt":"2025-03-31T19:01:01","guid":{"rendered":"https:\/\/mafemarket.com.br\/wp\/?page_id=13"},"modified":"2025-04-03T23:05:35","modified_gmt":"2025-04-03T23:05:35","slug":"home","status":"publish","type":"page","link":"https:\/\/mafemarket.com.br\/","title":{"rendered":"Home"},"content":{"rendered":"<p><img loading=\"lazy\" decoding=\"async\" width=\"800\" height=\"781\" src=\"https:\/\/mafemarket.com.br\/wp-content\/uploads\/2025\/04\/Fundo_transpartente_sem_logo-1-1-1-1-1024x1000.png\" alt=\"\" srcset=\"https:\/\/mafemarket.com.br\/wp-content\/uploads\/2025\/04\/Fundo_transpartente_sem_logo-1-1-1-1-1024x1000.png 1024w, https:\/\/mafemarket.com.br\/wp-content\/uploads\/2025\/04\/Fundo_transpartente_sem_logo-1-1-1-1-300x293.png 300w, https:\/\/mafemarket.com.br\/wp-content\/uploads\/2025\/04\/Fundo_transpartente_sem_logo-1-1-1-1-768x750.png 768w, https:\/\/mafemarket.com.br\/wp-content\/uploads\/2025\/04\/Fundo_transpartente_sem_logo-1-1-1-1-1536x1500.png 1536w, https:\/\/mafemarket.com.br\/wp-content\/uploads\/2025\/04\/Fundo_transpartente_sem_logo-1-1-1-1-2048x1999.png 2048w\" sizes=\"auto, (max-width: 800px) 100vw, 800px\" \/>\t\t\t\t\t\t\t\t\t\t\t\t\t\t\t<\/p>\n<h2>Minimercados que simplificam sua vida\u200b<\/h2>\n<p>Seja no seu condom\u00ednio ou na sua empresa, com o Mafe Market voc\u00ea tem <strong>praticidade e qualidade, sempre \u00e0 sua porta.<\/strong><\/p>\n<p>\t\t\t\t\t<a href=\"https:\/\/wa.me\/5547992472355\" target=\"_blank\"><br \/>\n\t\t\t\t\t\t\t\t\tFale conosco<br \/>\n\t\t\t\t\t<\/a><br \/>\n\t\t\t\t\t\t\t\t\t\t\t\t\t\t\t<img loading=\"lazy\" decoding=\"async\" width=\"800\" height=\"781\" src=\"https:\/\/mafemarket.com.br\/wp-content\/uploads\/2025\/03\/Fundo_transpartente_sem_logo-1-1-1-1024x1000.png\" alt=\"\" srcset=\"https:\/\/mafemarket.com.br\/wp-content\/uploads\/2025\/03\/Fundo_transpartente_sem_logo-1-1-1-1024x1000.png 1024w, https:\/\/mafemarket.com.br\/wp-content\/uploads\/2025\/03\/Fundo_transpartente_sem_logo-1-1-1-300x293.png 300w, https:\/\/mafemarket.com.br\/wp-content\/uploads\/2025\/03\/Fundo_transpartente_sem_logo-1-1-1-768x750.png 768w, https:\/\/mafemarket.com.br\/wp-content\/uploads\/2025\/03\/Fundo_transpartente_sem_logo-1-1-1-1536x1500.png 1536w, https:\/\/mafemarket.com.br\/wp-content\/uploads\/2025\/03\/Fundo_transpartente_sem_logo-1-1-1-2048x1999.png 2048w\" sizes=\"auto, (max-width: 800px) 100vw, 800px\" \/>\t\t\t\t\t\t\t\t\t\t\t\t\t\t\t<\/p>\n<h2>Sobre n\u00f3s<\/h2>\n<p>\t\t\t\t\t\t\t\t\t\t\t\t\t\t\t<img loading=\"lazy\" decoding=\"async\" width=\"800\" height=\"800\" src=\"https:\/\/mafemarket.com.br\/wp-content\/uploads\/2025\/03\/2.png\" alt=\"\" srcset=\"https:\/\/mafemarket.com.br\/wp-content\/uploads\/2025\/03\/2.png 2000w, https:\/\/mafemarket.com.br\/wp-content\/uploads\/2025\/03\/2-300x300.png 300w, https:\/\/mafemarket.com.br\/wp-content\/uploads\/2025\/03\/2-1024x1024.png 1024w, https:\/\/mafemarket.com.br\/wp-content\/uploads\/2025\/03\/2-150x150.png 150w, https:\/\/mafemarket.com.br\/wp-content\/uploads\/2025\/03\/2-768x768.png 768w, https:\/\/mafemarket.com.br\/wp-content\/uploads\/2025\/03\/2-1536x1536.png 1536w\" sizes=\"auto, (max-width: 800px) 100vw, 800px\" \/>\t\t\t\t\t\t\t\t\t\t\t\t\t\t\t<\/p>\n<h2>Sobre n\u00f3s<\/h2>\n<p>Baseados em tr\u00eas pilares: Confian\u00e7a, Conveni\u00eancia e Excel\u00eancia.<\/p>\n<p>Somos especializados em mercados aut\u00f4nomos para condom\u00ednios. Combinamos praticidade e inova\u00e7\u00e3o em mini mercado aut\u00f4nomo que facilita a vida dos nossos clientes. Oferecemos bebidas, snacks e produtos de limpeza, com diversas op\u00e7\u00f5es de pagamento.<\/p>\n<p>Nosso objetivo \u00e9 tornar a rotina dos moradores mais segura, pr\u00e1tica e agrad\u00e1vel. Veja como o Mafe Market pode fazer a diferen\u00e7a.<\/p>\n<p>\t\t\t\t\t<a href=\"https:\/\/wa.me\/5547992472355\" target=\"_blank\"><br \/>\n\t\t\t\t\t\t\t\t\tQuero no meu condom\u00ednio<br \/>\n\t\t\t\t\t<\/a><\/p>\n<h2>Praticidade e qualidade, sempre \u00e0 sua porta.<\/h2>\n<p>Sempre precisamos de itens para o dia a dia quando menos se espera. Um papel higi\u00eanico no meio da noite, uma fralda descart\u00e1vel num domingo, um chocolate depois da balada ou um refrigerante no jantar. Com o Mafe Market no seu condom\u00ednio essas necessidades n\u00e3o ser\u00e3o mais um problema.<\/p>\n<p>\t\t\t\t\t<a href=\"https:\/\/wa.me\/5547992472355\" target=\"_blank\"><br \/>\n\t\t\t\t\t\t\t\t\tEntrar em contato<br \/>\n\t\t\t\t\t<\/a><\/p>\n<h2>COMO FUNCIONA<\/h2>\n<p>\t\t\t\t<svg aria-hidden=\"true\" viewBox=\"0 0 448 512\" xmlns=\"http:\/\/www.w3.org\/2000\/svg\"><path d=\"M448 240v96c0 3.084-.356 6.159-1.063 9.162l-32 136C410.686 499.23 394.562 512 376 512H168a40.004 40.004 0 0 1-32.35-16.473l-127.997-176c-12.993-17.866-9.043-42.883 8.822-55.876 17.867-12.994 42.884-9.043 55.877 8.823L104 315.992V40c0-22.091 17.908-40 40-40s40 17.909 40 40v200h8v-40c0-22.091 17.908-40 40-40s40 17.909 40 40v40h8v-24c0-22.091 17.908-40 40-40s40 17.909 40 40v24h8c0-22.091 17.908-40 40-40s40 17.909 40 40zm-256 80h-8v96h8v-96zm88 0h-8v96h8v-96zm88 0h-8v96h8v-96z\"><\/path><\/svg>\t\t\t\t<\/p>\n<h3>\n\t\t\t\t\t\t\tESCOLHA<br \/>\n\t\t\t\t\t<\/h3>\n<p>\n\t\t\t\t\t\tDescubra uma ampla gama de produtos escolhidos com cuidado, aproveitando a conveni\u00eancia de realizar suas escolhas de maneira r\u00e1pida e sem complica\u00e7\u00f5es.\t\t\t\t\t<\/p>\n<p>\t\t\t\t<svg aria-hidden=\"true\" viewBox=\"0 0 576 512\" xmlns=\"http:\/\/www.w3.org\/2000\/svg\"><path d=\"M527.9 32H48.1C21.5 32 0 53.5 0 80v352c0 26.5 21.5 48 48.1 48h479.8c26.6 0 48.1-21.5 48.1-48V80c0-26.5-21.5-48-48.1-48zM54.1 80h467.8c3.3 0 6 2.7 6 6v42H48.1V86c0-3.3 2.7-6 6-6zm467.8 352H54.1c-3.3 0-6-2.7-6-6V256h479.8v170c0 3.3-2.7 6-6 6zM192 332v40c0 6.6-5.4 12-12 12h-72c-6.6 0-12-5.4-12-12v-40c0-6.6 5.4-12 12-12h72c6.6 0 12 5.4 12 12zm192 0v40c0 6.6-5.4 12-12 12H236c-6.6 0-12-5.4-12-12v-40c0-6.6 5.4-12 12-12h136c6.6 0 12 5.4 12 12z\"><\/path><\/svg>\t\t\t\t<\/p>\n<h3>\n\t\t\t\t\t\t\tPAGUE<br \/>\n\t\t\t\t\t<\/h3>\n<p>\n\t\t\t\t\t\tTornamos o processo de pagamento mais simples para que voc\u00ea finalize sua compra de forma eficiente, usando m\u00e9todos seguros.<br \/><\/br>\t\t\t\t\t<\/p>\n<p>\t\t\t\t<svg aria-hidden=\"true\" viewBox=\"0 0 448 512\" xmlns=\"http:\/\/www.w3.org\/2000\/svg\"><path d=\"M352 160v-32C352 57.42 294.579 0 224 0 153.42 0 96 57.42 96 128v32H0v272c0 44.183 35.817 80 80 80h288c44.183 0 80-35.817 80-80V160h-96zm-192-32c0-35.29 28.71-64 64-64s64 28.71 64 64v32H160v-32zm160 120c-13.255 0-24-10.745-24-24s10.745-24 24-24 24 10.745 24 24-10.745 24-24 24zm-192 0c-13.255 0-24-10.745-24-24s10.745-24 24-24 24 10.745 24 24-10.745 24-24 24z\"><\/path><\/svg>\t\t\t\t<\/p>\n<h3>\n\t\t\t\t\t\t\tLEVE<br \/>\n\t\t\t\t\t<\/h3>\n<p>\n\t\t\t\t\t\tAproveite a conveni\u00eancia de adquirir seus produtos diretamente do seu condom\u00ednio ou empresa, garantindo qualidade, seguran\u00e7a e praticidade.<br \/><\/br>\n\t\t\t\t\t<\/p>\n<p>\t\t\t\t\t\t\t\t\t\t\t\t\t\t\t<img loading=\"lazy\" decoding=\"async\" width=\"546\" height=\"382\" src=\"https:\/\/mafemarket.com.br\/wp-content\/uploads\/2025\/03\/Group-746-1-1-1.png\" alt=\"\" srcset=\"https:\/\/mafemarket.com.br\/wp-content\/uploads\/2025\/03\/Group-746-1-1-1.png 546w, https:\/\/mafemarket.com.br\/wp-content\/uploads\/2025\/03\/Group-746-1-1-1-300x210.png 300w\" sizes=\"auto, (max-width: 546px) 100vw, 546px\" \/>\t\t\t\t\t\t\t\t\t\t\t\t\t\t\t<\/p>\n<h2>Produtos selecionados<\/h2>\n<p>Escolhemos os melhores produtos e marcas para atender \u00e0s necessidades di\u00e1rias dos moradores e colaboradores.<\/p>\n<p>\t\t\t\t\t<a href=\"https:\/\/wa.me\/5547992472355\" target=\"_blank\"><br \/>\n\t\t\t\t\t\t\t\t\tSaiba mais<br \/>\n\t\t\t\t\t<\/a><\/p>\n","protected":false},"excerpt":{"rendered":"<p>Minimercados que simplificam sua vida\u200b Seja no seu condom\u00ednio ou na sua empresa, com o Mafe Market voc\u00ea tem praticidade e qualidade, sempre \u00e0 sua porta. Fale conosco Sobre n\u00f3s Sobre n\u00f3s Baseados em tr\u00eas pilares: Confian\u00e7a, Conveni\u00eancia e Excel\u00eancia. Somos especializados em mercados aut\u00f4nomos para condom\u00ednios. Combinamos praticidade e inova\u00e7\u00e3o em mini mercado aut\u00f4nomo [&hellip;]<\/p>\n","protected":false},"author":1,"featured_media":0,"parent":0,"menu_order":0,"comment_status":"closed","ping_status":"closed","template":"elementor_header_footer","meta":{"footnotes":""},"class_list":["post-13","page","type-page","status-publish","hentry"],"_links":{"self":[{"href":"https:\/\/mafemarket.com.br\/index.php?rest_route=\/wp\/v2\/pages\/13","targetHints":{"allow":["GET"]}}],"collection":[{"href":"https:\/\/mafemarket.com.br\/index.php?rest_route=\/wp\/v2\/pages"}],"about":[{"href":"https:\/\/mafemarket.com.br\/index.php?rest_route=\/wp\/v2\/types\/page"}],"author":[{"embeddable":true,"href":"https:\/\/mafemarket.com.br\/index.php?rest_route=\/wp\/v2\/users\/1"}],"replies":[{"embeddable":true,"href":"https:\/\/mafemarket.com.br\/index.php?rest_route=%2Fwp%2Fv2%2Fcomments&post=13"}],"version-history":[{"count":85,"href":"https:\/\/mafemarket.com.br\/index.php?rest_route=\/wp\/v2\/pages\/13\/revisions"}],"predecessor-version":[{"id":250,"href":"https:\/\/mafemarket.com.br\/index.php?rest_route=\/wp\/v2\/pages\/13\/revisions\/250"}],"wp:attachment":[{"href":"https:\/\/mafemarket.com.br\/index.php?rest_route=%2Fwp%2Fv2%2Fmedia&parent=13"}],"curies":[{"name":"wp","href":"https:\/\/api.w.org\/{rel}","templated":true}]}}